{"id":191,"date":"2022-01-04T14:45:49","date_gmt":"2022-01-04T17:45:49","guid":{"rendered":"https:\/\/genesiscolper.com\/?post_type=product&#038;p=191"},"modified":"2026-02-23T22:43:03","modified_gmt":"2026-02-24T02:43:03","slug":"una-introduccion-a-la-critica-textual-del-nuevo-testamento","status":"publish","type":"product","link":"https:\/\/genesiscolper.com\/en\/product\/una-introduccion-a-la-critica-textual-del-nuevo-testamento\/","title":{"rendered":"Una Introducci\u00f3n a la Cr\u00edtica Textual del Nuevo Testamento"},"content":{"rendered":"<p>Uno de los primeros asuntos que el estudiante de cualquier literatura antigua, incluyendo la Biblia, necesita resolver es el relacionado con el texto original. \u00bfQu\u00e9 es lo que realmente el autor original escribi\u00f3? \u00bfEs el texto que disponemos id\u00e9ntico a su forma original? La cr\u00edtica textual, como se entiende en este volumen, es aquella que consiste en la comparaci\u00f3n y an\u00e1lisis de los diferentes manuscritos del Nuevo Testamento que se hallaron a lo largo de los \u00faltimos siglos. Se trata de ver qu\u00e9 manuscritos contienen cierta palabra, vers\u00edculo o pasaje y cu\u00e1les no. Por consiguiente, la cr\u00edtica textual no se pregunta si la Palabra de Dios es verdadera o no. Su pregunta esencial es, \u00bfcu\u00e1l habr\u00e1 sido el texto original que escribi\u00f3 el autor de la carta o del evangelio? El prop\u00f3sito con que el autor ha escrito esta introducci\u00f3n es mostrar la importancia de la cr\u00edtica textual en las ciencias b\u00edblicas y que el lector pueda conocer la historia de la transmisi\u00f3n del texto del Nuevo Testamento y saber c\u00f3mo usar apropiadamente el denominado aparato cr\u00edtico, que es la informaci\u00f3n que aparece en la parte inferior de las p\u00e1ginas del Nuevo Testamento en griego, en la comprensi\u00f3n del sentido original de los evangelios y las cartas. Es un valioso recurso e indispensable para quienes desean estudiar y ense\u00f1ar la autoridad de las Escrituras como Palabra de Dios.<\/p>","protected":false},"excerpt":{"rendered":"<p>Uno de los primeros asuntos que el estudiante de cualquier literatura antigua, incluyendo la Biblia, necesita resolver es el relacionado con el texto original. \u00bfQu\u00e9 es lo que realmente el autor original escribi\u00f3? \u00bfEs el texto que disponemos id\u00e9ntico a su forma original? La cr\u00edtica textual, como se entiende en este volumen, es aquella que [&hellip;]<\/p>\n","protected":false},"featured_media":192,"comment_status":"open","ping_status":"closed","template":"","meta":{"site-sidebar-layout":"default","site-content-layout":"default","ast-site-content-layout":"default","site-content-style":"default","site-sidebar-style":"default","ast-global-header-display":"","ast-banner-title-visibility":"","ast-main-header-display":"","ast-hfb-above-header-display":"","ast-hfb-below-header-display":"","ast-hfb-mobile-header-display":"","site-post-title":"","ast-breadcrumbs-content":"","ast-featured-img":"","footer-sml-layout":"","ast-disable-related-posts":"","theme-transparent-header-meta":"","adv-header-id-meta":"","stick-header-meta":"","header-above-stick-meta":"","header-main-stick-meta":"","header-below-stick-meta":"","astra-migrate-meta-layouts":"default","ast-page-background-enabled":"default","ast-page-background-meta":{"desktop":{"background-color":"var(--ast-global-color-4)","background-image":"","background-repeat":"repeat","background-position":"center center","background-size":"auto","background-attachment":"scroll","background-type":"","background-media":"","overlay-type":"","overlay-color":"","overlay-opacity":"","overlay-gradient":""},"tablet":{"background-color":"","background-image":"","background-repeat":"repeat","background-position":"center center","background-size":"auto","background-attachment":"scroll","background-type":"","background-media":"","overlay-type":"","overlay-color":"","overlay-opacity":"","overlay-gradient":""},"mobile":{"background-color":"","background-image":"","background-repeat":"repeat","background-position":"center center","background-size":"auto","background-attachment":"scroll","background-type":"","background-media":"","overlay-type":"","overlay-color":"","overlay-opacity":"","overlay-gradient":""}},"ast-content-background-meta":{"desktop":{"background-color":"var(--ast-global-color-5)","background-image":"","background-repeat":"repeat","background-position":"center center","background-size":"auto","background-attachment":"scroll","background-type":"","background-media":"","overlay-type":"","overlay-color":"","overlay-opacity":"","overlay-gradient":""},"tablet":{"background-color":"var(--ast-global-color-5)","background-image":"","background-repeat":"repeat","background-position":"center center","background-size":"auto","background-attachment":"scroll","background-type":"","background-media":"","overlay-type":"","overlay-color":"","overlay-opacity":"","overlay-gradient":""},"mobile":{"background-color":"var(--ast-global-color-5)","background-image":"","background-repeat":"repeat","background-position":"center center","background-size":"auto","background-attachment":"scroll","background-type":"","background-media":"","overlay-type":"","overlay-color":"","overlay-opacity":"","overlay-gradient":""}}},"product_brand":[],"product_cat":[30],"product_tag":[],"class_list":{"0":"post-191","1":"product","2":"type-product","3":"status-publish","4":"has-post-thumbnail","6":"product_cat-e-puma","7":"desktop-align-left","8":"tablet-align-left","9":"mobile-align-left","11":"first","12":"instock","13":"shipping-taxable","14":"purchasable","15":"product-type-simple"},"_links":{"self":[{"href":"https:\/\/genesiscolper.com\/en\/wp-json\/wp\/v2\/product\/191","targetHints":{"allow":["GET"]}}],"collection":[{"href":"https:\/\/genesiscolper.com\/en\/wp-json\/wp\/v2\/product"}],"about":[{"href":"https:\/\/genesiscolper.com\/en\/wp-json\/wp\/v2\/types\/product"}],"replies":[{"embeddable":true,"href":"https:\/\/genesiscolper.com\/en\/wp-json\/wp\/v2\/comments?post=191"}],"wp:featuredmedia":[{"embeddable":true,"href":"https:\/\/genesiscolper.com\/en\/wp-json\/wp\/v2\/media\/192"}],"wp:attachment":[{"href":"https:\/\/genesiscolper.com\/en\/wp-json\/wp\/v2\/media?parent=191"}],"wp:term":[{"taxonomy":"product_brand","embeddable":true,"href":"https:\/\/genesiscolper.com\/en\/wp-json\/wp\/v2\/product_brand?post=191"},{"taxonomy":"product_cat","embeddable":true,"href":"https:\/\/genesiscolper.com\/en\/wp-json\/wp\/v2\/product_cat?post=191"},{"taxonomy":"product_tag","embeddable":true,"href":"https:\/\/genesiscolper.com\/en\/wp-json\/wp\/v2\/product_tag?post=191"}],"curies":[{"name":"wp","href":"https:\/\/api.w.org\/{rel}","templated":true}]}}