{"id":194,"date":"2022-01-04T14:51:07","date_gmt":"2022-01-04T17:51:07","guid":{"rendered":"https:\/\/genesiscolper.com\/?post_type=product&#038;p=194"},"modified":"2022-01-04T14:51:12","modified_gmt":"2022-01-04T17:51:12","slug":"la-cruz-de-cristo","status":"publish","type":"product","link":"https:\/\/genesiscolper.com\/en\/product\/la-cruz-de-cristo\/","title":{"rendered":"La Cruz de Cristo"},"content":{"rendered":"<p>&#8216;La cruz lo transforma todo. Nos ofrece una renovada adoraci\u00f3n a Dios, una nueva y equilibrada comprensi\u00f3n de nosotros mismos, un nuevo incentivo para entregarnos a la misi\u00f3n, una nueva expresi\u00f3n de amor a nuestros enemigos y un renovado valor para enfrentar las perplejidades del sufrimiento.&#8217; John Stott Este libro no trata s\u00f3lo de la expiaci\u00f3n, sino de la cruz. Analiza el significado de la cruz, los hechos hist\u00f3ricos de la crucifixi\u00f3n y su importancia para la fe. Luego defiende una perspectiva b\u00edblica de los conceptos de &#8216;satisfacci\u00f3n&#8217; y &#8216;sustituci\u00f3n&#8217;. En la tercera parte analiza los tres grandes logros de la cruz: la salvaci\u00f3n de los pecadores, la revelaci\u00f3n de Dios y la victoria sobre el pecado. La cuarta parte se ocupa de cuestiones que a menudo se omiten en los libros sobre la cruz: qu\u00e9 significa para la comunidad cristiana &#8216;vivir bajo la cruz&#8217;.<\/p>","protected":false},"excerpt":{"rendered":"<p>&#8216;La cruz lo transforma todo. Nos ofrece una renovada adoraci\u00f3n a Dios, una nueva y equilibrada comprensi\u00f3n de nosotros mismos, un nuevo incentivo para entregarnos a la misi\u00f3n, una nueva expresi\u00f3n de amor a nuestros enemigos y un renovado valor para enfrentar las perplejidades del sufrimiento.&#8217; John Stott Este libro no trata s\u00f3lo de la [&hellip;]<\/p>\n","protected":false},"featured_media":195,"comment_status":"open","ping_status":"closed","template":"","meta":{"site-sidebar-layout":"default","site-content-layout":"default","ast-site-content-layout":"default","site-content-style":"default","site-sidebar-style":"default","ast-global-header-display":"","ast-banner-title-visibility":"","ast-main-header-display":"","ast-hfb-above-header-display":"","ast-hfb-below-header-display":"","ast-hfb-mobile-header-display":"","site-post-title":"","ast-breadcrumbs-content":"","ast-featured-img":"","footer-sml-layout":"","ast-disable-related-posts":"","theme-transparent-header-meta":"","adv-header-id-meta":"","stick-header-meta":"","header-above-stick-meta":"","header-main-stick-meta":"","header-below-stick-meta":"","astra-migrate-meta-layouts":"default","ast-page-background-enabled":"default","ast-page-background-meta":{"desktop":{"background-color":"var(--ast-global-color-4)","background-image":"","background-repeat":"repeat","background-position":"center center","background-size":"auto","background-attachment":"scroll","background-type":"","background-media":"","overlay-type":"","overlay-color":"","overlay-opacity":"","overlay-gradient":""},"tablet":{"background-color":"","background-image":"","background-repeat":"repeat","background-position":"center center","background-size":"auto","background-attachment":"scroll","background-type":"","background-media":"","overlay-type":"","overlay-color":"","overlay-opacity":"","overlay-gradient":""},"mobile":{"background-color":"","background-image":"","background-repeat":"repeat","background-position":"center center","background-size":"auto","background-attachment":"scroll","background-type":"","background-media":"","overlay-type":"","overlay-color":"","overlay-opacity":"","overlay-gradient":""}},"ast-content-background-meta":{"desktop":{"background-color":"var(--ast-global-color-5)","background-image":"","background-repeat":"repeat","background-position":"center center","background-size":"auto","background-attachment":"scroll","background-type":"","background-media":"","overlay-type":"","overlay-color":"","overlay-opacity":"","overlay-gradient":""},"tablet":{"background-color":"var(--ast-global-color-5)","background-image":"","background-repeat":"repeat","background-position":"center center","background-size":"auto","background-attachment":"scroll","background-type":"","background-media":"","overlay-type":"","overlay-color":"","overlay-opacity":"","overlay-gradient":""},"mobile":{"background-color":"var(--ast-global-color-5)","background-image":"","background-repeat":"repeat","background-position":"center center","background-size":"auto","background-attachment":"scroll","background-type":"","background-media":"","overlay-type":"","overlay-color":"","overlay-opacity":"","overlay-gradient":""}}},"product_brand":[],"product_cat":[30],"product_tag":[],"class_list":{"0":"post-194","1":"product","2":"type-product","3":"status-publish","4":"has-post-thumbnail","6":"product_cat-e-puma","7":"desktop-align-left","8":"tablet-align-left","9":"mobile-align-left","11":"first","12":"instock","13":"shipping-taxable","14":"purchasable","15":"product-type-simple"},"_links":{"self":[{"href":"https:\/\/genesiscolper.com\/en\/wp-json\/wp\/v2\/product\/194","targetHints":{"allow":["GET"]}}],"collection":[{"href":"https:\/\/genesiscolper.com\/en\/wp-json\/wp\/v2\/product"}],"about":[{"href":"https:\/\/genesiscolper.com\/en\/wp-json\/wp\/v2\/types\/product"}],"replies":[{"embeddable":true,"href":"https:\/\/genesiscolper.com\/en\/wp-json\/wp\/v2\/comments?post=194"}],"wp:featuredmedia":[{"embeddable":true,"href":"https:\/\/genesiscolper.com\/en\/wp-json\/wp\/v2\/media\/195"}],"wp:attachment":[{"href":"https:\/\/genesiscolper.com\/en\/wp-json\/wp\/v2\/media?parent=194"}],"wp:term":[{"taxonomy":"product_brand","embeddable":true,"href":"https:\/\/genesiscolper.com\/en\/wp-json\/wp\/v2\/product_brand?post=194"},{"taxonomy":"product_cat","embeddable":true,"href":"https:\/\/genesiscolper.com\/en\/wp-json\/wp\/v2\/product_cat?post=194"},{"taxonomy":"product_tag","embeddable":true,"href":"https:\/\/genesiscolper.com\/en\/wp-json\/wp\/v2\/product_tag?post=194"}],"curies":[{"name":"wp","href":"https:\/\/api.w.org\/{rel}","templated":true}]}}