{"id":196,"date":"2022-01-04T14:52:50","date_gmt":"2022-01-04T17:52:50","guid":{"rendered":"https:\/\/genesiscolper.com\/?post_type=product&#038;p=196"},"modified":"2022-01-04T14:52:54","modified_gmt":"2022-01-04T17:52:54","slug":"cristianismo-basico","status":"publish","type":"product","link":"https:\/\/genesiscolper.com\/en\/product\/cristianismo-basico\/","title":{"rendered":"Cristianismo Basico"},"content":{"rendered":"<p>Tomando en cuenta la historia, descubrimos que no existe base razonable para negar la existencia de Jes\u00fas. Naci\u00f3, creci\u00f3, trabaj\u00f3, durmi\u00f3, comi\u00f3 y bebi\u00f3, sufri\u00f3 y muri\u00f3. Pero, \u00bfpodemos creer que tambi\u00e9n fue en alg\u00fan sentido Dios?<\/p>\n<p>\u00bfHay evidencia alguna que apoye la sorprendente afirmaci\u00f3n de que el carpintero de Nazaret fue el Hijo unig\u00e9nito de Dios? Esta pregunta es fundamental. No podemos esquivarla. Exploremos en qui\u00e9n y por qu\u00e9 creemos. Guiados por la \u00e1gil exposici\u00f3n de la fe cristiana que hace el conocido expositor b\u00edblico John Stott, descubramos si es verdad lo que cuenta la Biblia sobre Jes\u00fas. Permitamos que el evangelio responda a nuestras inquietudes, despierte y profundice nuestra fe.<\/p>","protected":false},"excerpt":{"rendered":"<p>Tomando en cuenta la historia, descubrimos que no existe base razonable para negar la existencia de Jes\u00fas. Naci\u00f3, creci\u00f3, trabaj\u00f3, durmi\u00f3, comi\u00f3 y bebi\u00f3, sufri\u00f3 y muri\u00f3. Pero, \u00bfpodemos creer que tambi\u00e9n fue en alg\u00fan sentido Dios? \u00bfHay evidencia alguna que apoye la sorprendente afirmaci\u00f3n de que el carpintero de Nazaret fue el Hijo unig\u00e9nito [&hellip;]<\/p>\n","protected":false},"featured_media":197,"comment_status":"open","ping_status":"closed","template":"","meta":{"site-sidebar-layout":"default","site-content-layout":"default","ast-site-content-layout":"default","site-content-style":"default","site-sidebar-style":"default","ast-global-header-display":"","ast-banner-title-visibility":"","ast-main-header-display":"","ast-hfb-above-header-display":"","ast-hfb-below-header-display":"","ast-hfb-mobile-header-display":"","site-post-title":"","ast-breadcrumbs-content":"","ast-featured-img":"","footer-sml-layout":"","ast-disable-related-posts":"","theme-transparent-header-meta":"","adv-header-id-meta":"","stick-header-meta":"","header-above-stick-meta":"","header-main-stick-meta":"","header-below-stick-meta":"","astra-migrate-meta-layouts":"default","ast-page-background-enabled":"default","ast-page-background-meta":{"desktop":{"background-color":"var(--ast-global-color-4)","background-image":"","background-repeat":"repeat","background-position":"center center","background-size":"auto","background-attachment":"scroll","background-type":"","background-media":"","overlay-type":"","overlay-color":"","overlay-opacity":"","overlay-gradient":""},"tablet":{"background-color":"","background-image":"","background-repeat":"repeat","background-position":"center center","background-size":"auto","background-attachment":"scroll","background-type":"","background-media":"","overlay-type":"","overlay-color":"","overlay-opacity":"","overlay-gradient":""},"mobile":{"background-color":"","background-image":"","background-repeat":"repeat","background-position":"center center","background-size":"auto","background-attachment":"scroll","background-type":"","background-media":"","overlay-type":"","overlay-color":"","overlay-opacity":"","overlay-gradient":""}},"ast-content-background-meta":{"desktop":{"background-color":"var(--ast-global-color-5)","background-image":"","background-repeat":"repeat","background-position":"center center","background-size":"auto","background-attachment":"scroll","background-type":"","background-media":"","overlay-type":"","overlay-color":"","overlay-opacity":"","overlay-gradient":""},"tablet":{"background-color":"var(--ast-global-color-5)","background-image":"","background-repeat":"repeat","background-position":"center center","background-size":"auto","background-attachment":"scroll","background-type":"","background-media":"","overlay-type":"","overlay-color":"","overlay-opacity":"","overlay-gradient":""},"mobile":{"background-color":"var(--ast-global-color-5)","background-image":"","background-repeat":"repeat","background-position":"center center","background-size":"auto","background-attachment":"scroll","background-type":"","background-media":"","overlay-type":"","overlay-color":"","overlay-opacity":"","overlay-gradient":""}}},"product_brand":[],"product_cat":[30],"product_tag":[],"class_list":{"0":"post-196","1":"product","2":"type-product","3":"status-publish","4":"has-post-thumbnail","6":"product_cat-e-puma","7":"desktop-align-left","8":"tablet-align-left","9":"mobile-align-left","11":"first","12":"instock","13":"shipping-taxable","14":"purchasable","15":"product-type-simple"},"_links":{"self":[{"href":"https:\/\/genesiscolper.com\/en\/wp-json\/wp\/v2\/product\/196","targetHints":{"allow":["GET"]}}],"collection":[{"href":"https:\/\/genesiscolper.com\/en\/wp-json\/wp\/v2\/product"}],"about":[{"href":"https:\/\/genesiscolper.com\/en\/wp-json\/wp\/v2\/types\/product"}],"replies":[{"embeddable":true,"href":"https:\/\/genesiscolper.com\/en\/wp-json\/wp\/v2\/comments?post=196"}],"wp:featuredmedia":[{"embeddable":true,"href":"https:\/\/genesiscolper.com\/en\/wp-json\/wp\/v2\/media\/197"}],"wp:attachment":[{"href":"https:\/\/genesiscolper.com\/en\/wp-json\/wp\/v2\/media?parent=196"}],"wp:term":[{"taxonomy":"product_brand","embeddable":true,"href":"https:\/\/genesiscolper.com\/en\/wp-json\/wp\/v2\/product_brand?post=196"},{"taxonomy":"product_cat","embeddable":true,"href":"https:\/\/genesiscolper.com\/en\/wp-json\/wp\/v2\/product_cat?post=196"},{"taxonomy":"product_tag","embeddable":true,"href":"https:\/\/genesiscolper.com\/en\/wp-json\/wp\/v2\/product_tag?post=196"}],"curies":[{"name":"wp","href":"https:\/\/api.w.org\/{rel}","templated":true}]}}