{"id":198,"date":"2022-01-04T14:56:31","date_gmt":"2022-01-04T17:56:31","guid":{"rendered":"https:\/\/genesiscolper.com\/?post_type=product&#038;p=198"},"modified":"2022-01-04T14:56:36","modified_gmt":"2022-01-04T17:56:36","slug":"el-mensaje-del-profeta-oseas","status":"publish","type":"product","link":"https:\/\/genesiscolper.com\/en\/product\/el-mensaje-del-profeta-oseas\/","title":{"rendered":"El Mensaje del Profeta Oseas"},"content":{"rendered":"<p>Los estudios de la realidad social, econ\u00f3mica y pol\u00edtica muestran que la corrupci\u00f3n es un problema muy antiguo, que es uno de los principales problemas que enfrentan las sociedades contempor\u00e1neas y que -a la luz de la informaci\u00f3n proporcionada por Transparencia Internacional- tiene una fuerte presencia en m\u00e1s de dos tercios de los pa\u00edses del mundo y que en la mayor\u00eda de ellos son m\u00ednimos o nulos los resultados obtenidos por los esfuerzos encaminados a combatirla. En Am\u00e9rica Latina no se necesita de un esfuerzo especial para darse cuenta, por un lado, de los niveles de tolerancia a los actos de corrupci\u00f3n y, por otro, de los estragos producidos por este flagelo, especialmente, en los sectores empobrecidos y vulnerables de la sociedad. &#8211; \u00bfC\u00f3mo se concibe la corrupci\u00f3n a la luz del pensamiento prof\u00e9tico de Oseas? &#8211; \u00bfQu\u00e9 aplicabilidad tiene en la situaci\u00f3n actual la teolog\u00eda anticorrupci\u00f3n propuesta por el profeta? &#8211; \u00bfC\u00f3mo enfrentar la complicidad o la indiferencia frente a la cultura de la corrupci\u00f3n y c\u00f3mo traducir en acciones concretas la responsabilidad prof\u00e9tica de las comunidades de fe? &#8211; \u00bfCu\u00e1les son los desaf\u00edos \u00e9ticos y teol\u00f3gicos que la corrupci\u00f3n plantea a la conciencia cristiana? Este libro, producto de un cuidadoso estudio del pensamiento del profeta Oseas, se propone responder a estas y otras pregunta con la finalidad de no s\u00f3lo tomar conciencia de la gravedad del problema y de los efectos devastadores que produce en la sociedad, sino tambi\u00e9n motivar en los lectores la activa participaci\u00f3n en la lucha contra este flagelo y en el desarrollo de una cultura de integridad en los diferentes espacios de la sociedad. Los estudios de la realidad social, econ\u00f3mica y pol\u00edtica muestran que la corrupci\u00f3n es un problema muy antiguo, que es uno de los principales problemas que enfrentan las sociedades contempor\u00e1neas y que -a la luz de la informaci\u00f3n proporcionada por Transparencia Internacional- tiene una fuerte presencia en m\u00e1s de dos tercios de los pa\u00edses del mundo y que en la mayor\u00eda de ellos son m\u00ednimos o nulos los resultados obtenidos por los esfuerzos encaminados a combatirla. En Am\u00e9rica Latina no se necesita de un esfuerzo especial para darse cuenta, por un lado, de los niveles de tolerancia a los actos de corrupci\u00f3n y, por otro, de los estragos producidos por este flagelo, especialmente, en los sectores empobrecidos y vulnerables de la sociedad. &#8211; \u00bfC\u00f3mo se concibe la corrupci\u00f3n a la luz del pensamiento prof\u00e9tico de Oseas? &#8211; \u00bfQu\u00e9 aplicabilidad tiene en la situaci\u00f3n actual la teolog\u00eda anticorrupci\u00f3n propuesta por el profeta? &#8211; \u00bfC\u00f3mo enfrentar la complicidad o la indiferencia frente a la cultura de la corrupci\u00f3n y c\u00f3mo traducir en acciones concretas la responsabilidad prof\u00e9tica de las comunidades de fe? &#8211; \u00bfCu\u00e1les son los desaf\u00edos \u00e9ticos y teol\u00f3gicos que la corrupci\u00f3n plantea a la conciencia cristiana? Este libro, producto de un cuidadoso estudio del pensamiento del profeta Oseas, se propone responder a estas y otras pregunta con la finalidad de no s\u00f3lo tomar conciencia de la gravedad del problema y de los efectos devastadores que produce en la sociedad, sino tambi\u00e9n motivar en los lectores la activa participaci\u00f3n en la lucha contra este flagelo y en el desarrollo de una cultura de integridad en los diferentes espacios de la sociedad.<\/p>","protected":false},"excerpt":{"rendered":"<p>Los estudios de la realidad social, econ\u00f3mica y pol\u00edtica muestran que la corrupci\u00f3n es un problema muy antiguo, que es uno de los principales problemas que enfrentan las sociedades contempor\u00e1neas y que -a la luz de la informaci\u00f3n proporcionada por Transparencia Internacional- tiene una fuerte presencia en m\u00e1s de dos tercios de los pa\u00edses del [&hellip;]<\/p>\n","protected":false},"featured_media":199,"comment_status":"open","ping_status":"closed","template":"","meta":{"site-sidebar-layout":"default","site-content-layout":"default","ast-site-content-layout":"default","site-content-style":"default","site-sidebar-style":"default","ast-global-header-display":"","ast-banner-title-visibility":"","ast-main-header-display":"","ast-hfb-above-header-display":"","ast-hfb-below-header-display":"","ast-hfb-mobile-header-display":"","site-post-title":"","ast-breadcrumbs-content":"","ast-featured-img":"","footer-sml-layout":"","ast-disable-related-posts":"","theme-transparent-header-meta":"","adv-header-id-meta":"","stick-header-meta":"","header-above-stick-meta":"","header-main-stick-meta":"","header-below-stick-meta":"","astra-migrate-meta-layouts":"default","ast-page-background-enabled":"default","ast-page-background-meta":{"desktop":{"background-color":"var(--ast-global-color-4)","background-image":"","background-repeat":"repeat","background-position":"center center","background-size":"auto","background-attachment":"scroll","background-type":"","background-media":"","overlay-type":"","overlay-color":"","overlay-opacity":"","overlay-gradient":""},"tablet":{"background-color":"","background-image":"","background-repeat":"repeat","background-position":"center center","background-size":"auto","background-attachment":"scroll","background-type":"","background-media":"","overlay-type":"","overlay-color":"","overlay-opacity":"","overlay-gradient":""},"mobile":{"background-color":"","background-image":"","background-repeat":"repeat","background-position":"center center","background-size":"auto","background-attachment":"scroll","background-type":"","background-media":"","overlay-type":"","overlay-color":"","overlay-opacity":"","overlay-gradient":""}},"ast-content-background-meta":{"desktop":{"background-color":"var(--ast-global-color-5)","background-image":"","background-repeat":"repeat","background-position":"center center","background-size":"auto","background-attachment":"scroll","background-type":"","background-media":"","overlay-type":"","overlay-color":"","overlay-opacity":"","overlay-gradient":""},"tablet":{"background-color":"var(--ast-global-color-5)","background-image":"","background-repeat":"repeat","background-position":"center center","background-size":"auto","background-attachment":"scroll","background-type":"","background-media":"","overlay-type":"","overlay-color":"","overlay-opacity":"","overlay-gradient":""},"mobile":{"background-color":"var(--ast-global-color-5)","background-image":"","background-repeat":"repeat","background-position":"center center","background-size":"auto","background-attachment":"scroll","background-type":"","background-media":"","overlay-type":"","overlay-color":"","overlay-opacity":"","overlay-gradient":""}}},"product_brand":[],"product_cat":[30],"product_tag":[],"class_list":{"0":"post-198","1":"product","2":"type-product","3":"status-publish","4":"has-post-thumbnail","6":"product_cat-e-puma","7":"desktop-align-left","8":"tablet-align-left","9":"mobile-align-left","11":"first","12":"instock","13":"shipping-taxable","14":"purchasable","15":"product-type-simple"},"_links":{"self":[{"href":"https:\/\/genesiscolper.com\/en\/wp-json\/wp\/v2\/product\/198","targetHints":{"allow":["GET"]}}],"collection":[{"href":"https:\/\/genesiscolper.com\/en\/wp-json\/wp\/v2\/product"}],"about":[{"href":"https:\/\/genesiscolper.com\/en\/wp-json\/wp\/v2\/types\/product"}],"replies":[{"embeddable":true,"href":"https:\/\/genesiscolper.com\/en\/wp-json\/wp\/v2\/comments?post=198"}],"wp:featuredmedia":[{"embeddable":true,"href":"https:\/\/genesiscolper.com\/en\/wp-json\/wp\/v2\/media\/199"}],"wp:attachment":[{"href":"https:\/\/genesiscolper.com\/en\/wp-json\/wp\/v2\/media?parent=198"}],"wp:term":[{"taxonomy":"product_brand","embeddable":true,"href":"https:\/\/genesiscolper.com\/en\/wp-json\/wp\/v2\/product_brand?post=198"},{"taxonomy":"product_cat","embeddable":true,"href":"https:\/\/genesiscolper.com\/en\/wp-json\/wp\/v2\/product_cat?post=198"},{"taxonomy":"product_tag","embeddable":true,"href":"https:\/\/genesiscolper.com\/en\/wp-json\/wp\/v2\/product_tag?post=198"}],"curies":[{"name":"wp","href":"https:\/\/api.w.org\/{rel}","templated":true}]}}