{"id":207,"date":"2022-01-04T15:02:13","date_gmt":"2022-01-04T18:02:13","guid":{"rendered":"https:\/\/genesiscolper.com\/?post_type=product&#038;p=207"},"modified":"2026-02-23T22:42:48","modified_gmt":"2026-02-24T02:42:48","slug":"la-mision-liberadora-de-jesus","status":"publish","type":"product","link":"https:\/\/genesiscolper.com\/en\/product\/la-mision-liberadora-de-jesus\/","title":{"rendered":"La Mision Liberadora de Jes\u00fas"},"content":{"rendered":"<p>El autor ofrece en esta tercera edici\u00f3n cap\u00edtulos revisados y actualizados de las ediciones anteriores. Incorpora, adem\u00e1s, nuevos cap\u00edtulos: \u00abEl tiempo crucial de Dios\u00bb, \u00abLa liberaci\u00f3n de un excluido\u00bb, \u00abUna comunidad liberada y liberadora\u00bb, \u00abEl amor especial de Dios por los pobres y los excluidos\u00bb, \u00abLa pol\u00edtica del imperio\u00bb y \u00abLa religi\u00f3n en el espacio p\u00fablico\u00bb. Todos ellos tienen el prop\u00f3sito de explicar los alcances de los principios de la misi\u00f3n liberadora de Jes\u00fas en el marco de la universalidad de la misi\u00f3n de Dios o del alcance universal de la salvaci\u00f3n, dan cuenta del peregrinaje teol\u00f3gico del autor y de c\u00f3mo \u00e9l entiende, proclama y vive su identidad evang\u00e9lica, wesleyana y pentecostal. Los temas desarrollados en cada cap\u00edtulo del libro guardan estrecha conexi\u00f3n con el mensaje social y pol\u00edtico del tercer evangelio y en cada uno de ellos se explora la relaci\u00f3n entre la teolog\u00eda b\u00edblica y los desaf\u00edos \u00e9ticos del campo de misi\u00f3n hoy.<\/p>","protected":false},"excerpt":{"rendered":"<p>El autor ofrece en esta tercera edici\u00f3n cap\u00edtulos revisados y actualizados de las ediciones anteriores. Incorpora, adem\u00e1s, nuevos cap\u00edtulos: \u00abEl tiempo crucial de Dios\u00bb, \u00abLa liberaci\u00f3n de un excluido\u00bb, \u00abUna comunidad liberada y liberadora\u00bb, \u00abEl amor especial de Dios por los pobres y los excluidos\u00bb, \u00abLa pol\u00edtica del imperio\u00bb y \u00abLa religi\u00f3n en el espacio [&hellip;]<\/p>\n","protected":false},"featured_media":208,"comment_status":"open","ping_status":"closed","template":"","meta":{"site-sidebar-layout":"default","site-content-layout":"default","ast-site-content-layout":"default","site-content-style":"default","site-sidebar-style":"default","ast-global-header-display":"","ast-banner-title-visibility":"","ast-main-header-display":"","ast-hfb-above-header-display":"","ast-hfb-below-header-display":"","ast-hfb-mobile-header-display":"","site-post-title":"","ast-breadcrumbs-content":"","ast-featured-img":"","footer-sml-layout":"","ast-disable-related-posts":"","theme-transparent-header-meta":"","adv-header-id-meta":"","stick-header-meta":"","header-above-stick-meta":"","header-main-stick-meta":"","header-below-stick-meta":"","astra-migrate-meta-layouts":"default","ast-page-background-enabled":"default","ast-page-background-meta":{"desktop":{"background-color":"var(--ast-global-color-4)","background-image":"","background-repeat":"repeat","background-position":"center center","background-size":"auto","background-attachment":"scroll","background-type":"","background-media":"","overlay-type":"","overlay-color":"","overlay-opacity":"","overlay-gradient":""},"tablet":{"background-color":"","background-image":"","background-repeat":"repeat","background-position":"center center","background-size":"auto","background-attachment":"scroll","background-type":"","background-media":"","overlay-type":"","overlay-color":"","overlay-opacity":"","overlay-gradient":""},"mobile":{"background-color":"","background-image":"","background-repeat":"repeat","background-position":"center center","background-size":"auto","background-attachment":"scroll","background-type":"","background-media":"","overlay-type":"","overlay-color":"","overlay-opacity":"","overlay-gradient":""}},"ast-content-background-meta":{"desktop":{"background-color":"var(--ast-global-color-5)","background-image":"","background-repeat":"repeat","background-position":"center center","background-size":"auto","background-attachment":"scroll","background-type":"","background-media":"","overlay-type":"","overlay-color":"","overlay-opacity":"","overlay-gradient":""},"tablet":{"background-color":"var(--ast-global-color-5)","background-image":"","background-repeat":"repeat","background-position":"center center","background-size":"auto","background-attachment":"scroll","background-type":"","background-media":"","overlay-type":"","overlay-color":"","overlay-opacity":"","overlay-gradient":""},"mobile":{"background-color":"var(--ast-global-color-5)","background-image":"","background-repeat":"repeat","background-position":"center center","background-size":"auto","background-attachment":"scroll","background-type":"","background-media":"","overlay-type":"","overlay-color":"","overlay-opacity":"","overlay-gradient":""}}},"product_brand":[],"product_cat":[30],"product_tag":[],"class_list":{"0":"post-207","1":"product","2":"type-product","3":"status-publish","4":"has-post-thumbnail","6":"product_cat-e-puma","7":"desktop-align-left","8":"tablet-align-left","9":"mobile-align-left","11":"first","12":"instock","13":"shipping-taxable","14":"purchasable","15":"product-type-simple"},"_links":{"self":[{"href":"https:\/\/genesiscolper.com\/en\/wp-json\/wp\/v2\/product\/207","targetHints":{"allow":["GET"]}}],"collection":[{"href":"https:\/\/genesiscolper.com\/en\/wp-json\/wp\/v2\/product"}],"about":[{"href":"https:\/\/genesiscolper.com\/en\/wp-json\/wp\/v2\/types\/product"}],"replies":[{"embeddable":true,"href":"https:\/\/genesiscolper.com\/en\/wp-json\/wp\/v2\/comments?post=207"}],"wp:featuredmedia":[{"embeddable":true,"href":"https:\/\/genesiscolper.com\/en\/wp-json\/wp\/v2\/media\/208"}],"wp:attachment":[{"href":"https:\/\/genesiscolper.com\/en\/wp-json\/wp\/v2\/media?parent=207"}],"wp:term":[{"taxonomy":"product_brand","embeddable":true,"href":"https:\/\/genesiscolper.com\/en\/wp-json\/wp\/v2\/product_brand?post=207"},{"taxonomy":"product_cat","embeddable":true,"href":"https:\/\/genesiscolper.com\/en\/wp-json\/wp\/v2\/product_cat?post=207"},{"taxonomy":"product_tag","embeddable":true,"href":"https:\/\/genesiscolper.com\/en\/wp-json\/wp\/v2\/product_tag?post=207"}],"curies":[{"name":"wp","href":"https:\/\/api.w.org\/{rel}","templated":true}]}}