{"id":209,"date":"2022-01-04T15:08:25","date_gmt":"2022-01-04T18:08:25","guid":{"rendered":"https:\/\/genesiscolper.com\/?post_type=product&#038;p=209"},"modified":"2022-01-04T15:08:28","modified_gmt":"2022-01-04T18:08:28","slug":"como-predicar-desde-el-antiguo-testamento","status":"publish","type":"product","link":"https:\/\/genesiscolper.com\/en\/product\/como-predicar-desde-el-antiguo-testamento\/","title":{"rendered":"C\u00f3mo Predicar Desde El Antiguo Testamento"},"content":{"rendered":"<p>Muchos predicaron se mantienen distantes del Antiguo Testamento porque les parece anticuado a la luz del Nuevo Testamento y dif\u00edcil de entender y explicar. Por otra parte, hay quienes predican a partir del Antiguo Testamento, pero no consiguen darle el tratamiento adecuado y terminan predicando nada m\u00e1s que reglas legalistas o lecciones simb\u00f3licas. En este libro, Christopher Wright, estimula a los predicadores a no ignorar el Antiguo Testamento. Se trata de la palabra de Dios, la Biblia que Jes\u00fas ley\u00f3 y us\u00f3. Estamos frente a la primera parte de la gran historia b\u00edblica, desde la creaci\u00f3n hasta la nueva creaci\u00f3n; puesto que es el peregrinaje que nos conduce hasta Cristo, el Antiguo Testamento es tambi\u00e9n parte integral de nuestra historia. Luego de explicar las razones por las cuales debemos predicar a partir del Antiguo Testamento, el autor pasa a mostrarle al lector el tratamiento que debe d\u00e1rsele a las diversas clases de literatura que all\u00ed se encuentran. Su recorrido nos lleva a trav\u00e9s de la Historia, la Ley, los Profetas, los Salmos y la Literatura Sapiencial del Antiguo Testamento. Este es un manual que, entrelazo con ejercicios y ejemplos de sermones, ofrece un contenido de alto valor pr\u00e1ctico para todo aquel que est\u00e9 comprometido con una predicaci\u00f3n b\u00edblica aut\u00e9ntica.<\/p>","protected":false},"excerpt":{"rendered":"<p>Muchos predicaron se mantienen distantes del Antiguo Testamento porque les parece anticuado a la luz del Nuevo Testamento y dif\u00edcil de entender y explicar. Por otra parte, hay quienes predican a partir del Antiguo Testamento, pero no consiguen darle el tratamiento adecuado y terminan predicando nada m\u00e1s que reglas legalistas o lecciones simb\u00f3licas. En este [&hellip;]<\/p>\n","protected":false},"featured_media":210,"comment_status":"open","ping_status":"closed","template":"","meta":{"site-sidebar-layout":"default","site-content-layout":"default","ast-site-content-layout":"default","site-content-style":"default","site-sidebar-style":"default","ast-global-header-display":"","ast-banner-title-visibility":"","ast-main-header-display":"","ast-hfb-above-header-display":"","ast-hfb-below-header-display":"","ast-hfb-mobile-header-display":"","site-post-title":"","ast-breadcrumbs-content":"","ast-featured-img":"","footer-sml-layout":"","ast-disable-related-posts":"","theme-transparent-header-meta":"","adv-header-id-meta":"","stick-header-meta":"","header-above-stick-meta":"","header-main-stick-meta":"","header-below-stick-meta":"","astra-migrate-meta-layouts":"default","ast-page-background-enabled":"default","ast-page-background-meta":{"desktop":{"background-color":"var(--ast-global-color-4)","background-image":"","background-repeat":"repeat","background-position":"center center","background-size":"auto","background-attachment":"scroll","background-type":"","background-media":"","overlay-type":"","overlay-color":"","overlay-opacity":"","overlay-gradient":""},"tablet":{"background-color":"","background-image":"","background-repeat":"repeat","background-position":"center center","background-size":"auto","background-attachment":"scroll","background-type":"","background-media":"","overlay-type":"","overlay-color":"","overlay-opacity":"","overlay-gradient":""},"mobile":{"background-color":"","background-image":"","background-repeat":"repeat","background-position":"center center","background-size":"auto","background-attachment":"scroll","background-type":"","background-media":"","overlay-type":"","overlay-color":"","overlay-opacity":"","overlay-gradient":""}},"ast-content-background-meta":{"desktop":{"background-color":"var(--ast-global-color-5)","background-image":"","background-repeat":"repeat","background-position":"center center","background-size":"auto","background-attachment":"scroll","background-type":"","background-media":"","overlay-type":"","overlay-color":"","overlay-opacity":"","overlay-gradient":""},"tablet":{"background-color":"var(--ast-global-color-5)","background-image":"","background-repeat":"repeat","background-position":"center center","background-size":"auto","background-attachment":"scroll","background-type":"","background-media":"","overlay-type":"","overlay-color":"","overlay-opacity":"","overlay-gradient":""},"mobile":{"background-color":"var(--ast-global-color-5)","background-image":"","background-repeat":"repeat","background-position":"center center","background-size":"auto","background-attachment":"scroll","background-type":"","background-media":"","overlay-type":"","overlay-color":"","overlay-opacity":"","overlay-gradient":""}}},"product_brand":[],"product_cat":[30],"product_tag":[],"class_list":{"0":"post-209","1":"product","2":"type-product","3":"status-publish","4":"has-post-thumbnail","6":"product_cat-e-puma","7":"desktop-align-left","8":"tablet-align-left","9":"mobile-align-left","11":"first","12":"instock","13":"shipping-taxable","14":"purchasable","15":"product-type-simple"},"_links":{"self":[{"href":"https:\/\/genesiscolper.com\/en\/wp-json\/wp\/v2\/product\/209","targetHints":{"allow":["GET"]}}],"collection":[{"href":"https:\/\/genesiscolper.com\/en\/wp-json\/wp\/v2\/product"}],"about":[{"href":"https:\/\/genesiscolper.com\/en\/wp-json\/wp\/v2\/types\/product"}],"replies":[{"embeddable":true,"href":"https:\/\/genesiscolper.com\/en\/wp-json\/wp\/v2\/comments?post=209"}],"wp:featuredmedia":[{"embeddable":true,"href":"https:\/\/genesiscolper.com\/en\/wp-json\/wp\/v2\/media\/210"}],"wp:attachment":[{"href":"https:\/\/genesiscolper.com\/en\/wp-json\/wp\/v2\/media?parent=209"}],"wp:term":[{"taxonomy":"product_brand","embeddable":true,"href":"https:\/\/genesiscolper.com\/en\/wp-json\/wp\/v2\/product_brand?post=209"},{"taxonomy":"product_cat","embeddable":true,"href":"https:\/\/genesiscolper.com\/en\/wp-json\/wp\/v2\/product_cat?post=209"},{"taxonomy":"product_tag","embeddable":true,"href":"https:\/\/genesiscolper.com\/en\/wp-json\/wp\/v2\/product_tag?post=209"}],"curies":[{"name":"wp","href":"https:\/\/api.w.org\/{rel}","templated":true}]}}