{"id":213,"date":"2022-01-04T15:10:28","date_gmt":"2022-01-04T18:10:28","guid":{"rendered":"https:\/\/genesiscolper.com\/?post_type=product&#038;p=213"},"modified":"2022-01-04T15:10:32","modified_gmt":"2022-01-04T18:10:32","slug":"el-mensaje-de-galatas","status":"publish","type":"product","link":"https:\/\/genesiscolper.com\/en\/product\/el-mensaje-de-galatas\/","title":{"rendered":"El Mensaje de G\u00e1latas"},"content":{"rendered":"<p>Entre una variedad de autoridades religiosas que defend\u00edan ense\u00f1anzas diferentes, \u00bfc\u00f3mo era posible saber qui\u00e9n ten\u00eda raz\u00f3n? \u00bfC\u00f3mo podr\u00edan los cristianos vivir una vida agradable a Dios en medio de una cultura pagana? Pablo escribi\u00f3 la carta a los G\u00e1latas para responder a los problemas que ellos se enfrentaban. &#8216;Solo hay un camino&#8217;, contest\u00f3 Pablo, &#8216;Jesucristo&#8217;. Su respuesta es v\u00e1lida para nosotros tambi\u00e9n hoy. Las luchas de los cristianos han cambiado desde los d\u00edas de Pablo, pero los principios que \u00e9l establece en esta carta son pertinentes y eternos como el Se\u00f1or al que exaltamos.<\/p>","protected":false},"excerpt":{"rendered":"<p>Entre una variedad de autoridades religiosas que defend\u00edan ense\u00f1anzas diferentes, \u00bfc\u00f3mo era posible saber qui\u00e9n ten\u00eda raz\u00f3n? \u00bfC\u00f3mo podr\u00edan los cristianos vivir una vida agradable a Dios en medio de una cultura pagana? Pablo escribi\u00f3 la carta a los G\u00e1latas para responder a los problemas que ellos se enfrentaban. &#8216;Solo hay un camino&#8217;, contest\u00f3 Pablo, [&hellip;]<\/p>\n","protected":false},"featured_media":214,"comment_status":"open","ping_status":"closed","template":"","meta":{"site-sidebar-layout":"default","site-content-layout":"default","ast-site-content-layout":"default","site-content-style":"default","site-sidebar-style":"default","ast-global-header-display":"","ast-banner-title-visibility":"","ast-main-header-display":"","ast-hfb-above-header-display":"","ast-hfb-below-header-display":"","ast-hfb-mobile-header-display":"","site-post-title":"","ast-breadcrumbs-content":"","ast-featured-img":"","footer-sml-layout":"","ast-disable-related-posts":"","theme-transparent-header-meta":"","adv-header-id-meta":"","stick-header-meta":"","header-above-stick-meta":"","header-main-stick-meta":"","header-below-stick-meta":"","astra-migrate-meta-layouts":"default","ast-page-background-enabled":"default","ast-page-background-meta":{"desktop":{"background-color":"var(--ast-global-color-4)","background-image":"","background-repeat":"repeat","background-position":"center center","background-size":"auto","background-attachment":"scroll","background-type":"","background-media":"","overlay-type":"","overlay-color":"","overlay-opacity":"","overlay-gradient":""},"tablet":{"background-color":"","background-image":"","background-repeat":"repeat","background-position":"center center","background-size":"auto","background-attachment":"scroll","background-type":"","background-media":"","overlay-type":"","overlay-color":"","overlay-opacity":"","overlay-gradient":""},"mobile":{"background-color":"","background-image":"","background-repeat":"repeat","background-position":"center center","background-size":"auto","background-attachment":"scroll","background-type":"","background-media":"","overlay-type":"","overlay-color":"","overlay-opacity":"","overlay-gradient":""}},"ast-content-background-meta":{"desktop":{"background-color":"var(--ast-global-color-5)","background-image":"","background-repeat":"repeat","background-position":"center center","background-size":"auto","background-attachment":"scroll","background-type":"","background-media":"","overlay-type":"","overlay-color":"","overlay-opacity":"","overlay-gradient":""},"tablet":{"background-color":"var(--ast-global-color-5)","background-image":"","background-repeat":"repeat","background-position":"center center","background-size":"auto","background-attachment":"scroll","background-type":"","background-media":"","overlay-type":"","overlay-color":"","overlay-opacity":"","overlay-gradient":""},"mobile":{"background-color":"var(--ast-global-color-5)","background-image":"","background-repeat":"repeat","background-position":"center center","background-size":"auto","background-attachment":"scroll","background-type":"","background-media":"","overlay-type":"","overlay-color":"","overlay-opacity":"","overlay-gradient":""}}},"product_brand":[],"product_cat":[30],"product_tag":[],"class_list":{"0":"post-213","1":"product","2":"type-product","3":"status-publish","4":"has-post-thumbnail","6":"product_cat-e-puma","7":"desktop-align-left","8":"tablet-align-left","9":"mobile-align-left","11":"first","12":"instock","13":"shipping-taxable","14":"purchasable","15":"product-type-simple"},"_links":{"self":[{"href":"https:\/\/genesiscolper.com\/en\/wp-json\/wp\/v2\/product\/213","targetHints":{"allow":["GET"]}}],"collection":[{"href":"https:\/\/genesiscolper.com\/en\/wp-json\/wp\/v2\/product"}],"about":[{"href":"https:\/\/genesiscolper.com\/en\/wp-json\/wp\/v2\/types\/product"}],"replies":[{"embeddable":true,"href":"https:\/\/genesiscolper.com\/en\/wp-json\/wp\/v2\/comments?post=213"}],"wp:featuredmedia":[{"embeddable":true,"href":"https:\/\/genesiscolper.com\/en\/wp-json\/wp\/v2\/media\/214"}],"wp:attachment":[{"href":"https:\/\/genesiscolper.com\/en\/wp-json\/wp\/v2\/media?parent=213"}],"wp:term":[{"taxonomy":"product_brand","embeddable":true,"href":"https:\/\/genesiscolper.com\/en\/wp-json\/wp\/v2\/product_brand?post=213"},{"taxonomy":"product_cat","embeddable":true,"href":"https:\/\/genesiscolper.com\/en\/wp-json\/wp\/v2\/product_cat?post=213"},{"taxonomy":"product_tag","embeddable":true,"href":"https:\/\/genesiscolper.com\/en\/wp-json\/wp\/v2\/product_tag?post=213"}],"curies":[{"name":"wp","href":"https:\/\/api.w.org\/{rel}","templated":true}]}}