{"id":220,"date":"2022-01-04T15:12:47","date_gmt":"2022-01-04T18:12:47","guid":{"rendered":"https:\/\/genesiscolper.com\/?post_type=product&#038;p=220"},"modified":"2026-02-23T22:44:01","modified_gmt":"2026-02-24T02:44:01","slug":"el-mensaje-de-hechos","status":"publish","type":"product","link":"https:\/\/genesiscolper.com\/en\/product\/el-mensaje-de-hechos\/","title":{"rendered":"El Mensaje de Hechos"},"content":{"rendered":"<p>El mensaje de Hechos ocupa un lugar imprescindible en la Biblia por ser el \u00fanico relato sobre la iglesia primitiva y por la inspiraci\u00f3n que ofrece al mundo contempor\u00e1neo. Este libro, tiene como objetivo, adem\u00e1s de descubrir el significado original del texto, ofrecer una aplicaci\u00f3n para nuestros d\u00edas. As\u00ed, asuntos que aparecen en Hechos, como el bautismo del Esp\u00edritu y los dones carism\u00e1ticos, en lo econ\u00f3mico la pr\u00e1ctica de la primera comunidad cristiana de Jerusal\u00e9n de compartir los bienes; la disciplina en la iglesia, la diversidad de los ministerios, la conversi\u00f3n cristiana, los prejuicios raciales, los principios misioneros, el costo de la unidad cristiana, los motivos y los m\u00e9todos utilizados en la evangelizaci\u00f3n&#8230; tienen mucho que decirnos hoy. Es un ejercicio saludable para la iglesia cristiana, compararse con la iglesia del primer siglo y recuperar algo de su confianza, de su entusiasmo, su visi\u00f3n y su poder.<\/p>","protected":false},"excerpt":{"rendered":"<p>El mensaje de Hechos ocupa un lugar imprescindible en la Biblia por ser el \u00fanico relato sobre la iglesia primitiva y por la inspiraci\u00f3n que ofrece al mundo contempor\u00e1neo. Este libro, tiene como objetivo, adem\u00e1s de descubrir el significado original del texto, ofrecer una aplicaci\u00f3n para nuestros d\u00edas. As\u00ed, asuntos que aparecen en Hechos, como [&hellip;]<\/p>\n","protected":false},"featured_media":221,"comment_status":"open","ping_status":"closed","template":"","meta":{"site-sidebar-layout":"default","site-content-layout":"default","ast-site-content-layout":"default","site-content-style":"default","site-sidebar-style":"default","ast-global-header-display":"","ast-banner-title-visibility":"","ast-main-header-display":"","ast-hfb-above-header-display":"","ast-hfb-below-header-display":"","ast-hfb-mobile-header-display":"","site-post-title":"","ast-breadcrumbs-content":"","ast-featured-img":"","footer-sml-layout":"","ast-disable-related-posts":"","theme-transparent-header-meta":"","adv-header-id-meta":"","stick-header-meta":"","header-above-stick-meta":"","header-main-stick-meta":"","header-below-stick-meta":"","astra-migrate-meta-layouts":"default","ast-page-background-enabled":"default","ast-page-background-meta":{"desktop":{"background-color":"var(--ast-global-color-4)","background-image":"","background-repeat":"repeat","background-position":"center center","background-size":"auto","background-attachment":"scroll","background-type":"","background-media":"","overlay-type":"","overlay-color":"","overlay-opacity":"","overlay-gradient":""},"tablet":{"background-color":"","background-image":"","background-repeat":"repeat","background-position":"center center","background-size":"auto","background-attachment":"scroll","background-type":"","background-media":"","overlay-type":"","overlay-color":"","overlay-opacity":"","overlay-gradient":""},"mobile":{"background-color":"","background-image":"","background-repeat":"repeat","background-position":"center center","background-size":"auto","background-attachment":"scroll","background-type":"","background-media":"","overlay-type":"","overlay-color":"","overlay-opacity":"","overlay-gradient":""}},"ast-content-background-meta":{"desktop":{"background-color":"var(--ast-global-color-5)","background-image":"","background-repeat":"repeat","background-position":"center center","background-size":"auto","background-attachment":"scroll","background-type":"","background-media":"","overlay-type":"","overlay-color":"","overlay-opacity":"","overlay-gradient":""},"tablet":{"background-color":"var(--ast-global-color-5)","background-image":"","background-repeat":"repeat","background-position":"center center","background-size":"auto","background-attachment":"scroll","background-type":"","background-media":"","overlay-type":"","overlay-color":"","overlay-opacity":"","overlay-gradient":""},"mobile":{"background-color":"var(--ast-global-color-5)","background-image":"","background-repeat":"repeat","background-position":"center center","background-size":"auto","background-attachment":"scroll","background-type":"","background-media":"","overlay-type":"","overlay-color":"","overlay-opacity":"","overlay-gradient":""}}},"product_brand":[],"product_cat":[30],"product_tag":[],"class_list":{"0":"post-220","1":"product","2":"type-product","3":"status-publish","4":"has-post-thumbnail","6":"product_cat-e-puma","7":"desktop-align-left","8":"tablet-align-left","9":"mobile-align-left","11":"first","12":"instock","13":"shipping-taxable","14":"product-type-simple"},"_links":{"self":[{"href":"https:\/\/genesiscolper.com\/en\/wp-json\/wp\/v2\/product\/220","targetHints":{"allow":["GET"]}}],"collection":[{"href":"https:\/\/genesiscolper.com\/en\/wp-json\/wp\/v2\/product"}],"about":[{"href":"https:\/\/genesiscolper.com\/en\/wp-json\/wp\/v2\/types\/product"}],"replies":[{"embeddable":true,"href":"https:\/\/genesiscolper.com\/en\/wp-json\/wp\/v2\/comments?post=220"}],"wp:featuredmedia":[{"embeddable":true,"href":"https:\/\/genesiscolper.com\/en\/wp-json\/wp\/v2\/media\/221"}],"wp:attachment":[{"href":"https:\/\/genesiscolper.com\/en\/wp-json\/wp\/v2\/media?parent=220"}],"wp:term":[{"taxonomy":"product_brand","embeddable":true,"href":"https:\/\/genesiscolper.com\/en\/wp-json\/wp\/v2\/product_brand?post=220"},{"taxonomy":"product_cat","embeddable":true,"href":"https:\/\/genesiscolper.com\/en\/wp-json\/wp\/v2\/product_cat?post=220"},{"taxonomy":"product_tag","embeddable":true,"href":"https:\/\/genesiscolper.com\/en\/wp-json\/wp\/v2\/product_tag?post=220"}],"curies":[{"name":"wp","href":"https:\/\/api.w.org\/{rel}","templated":true}]}}