{"id":222,"date":"2022-01-04T15:14:29","date_gmt":"2022-01-04T18:14:29","guid":{"rendered":"https:\/\/genesiscolper.com\/?post_type=product&#038;p=222"},"modified":"2022-01-04T15:14:33","modified_gmt":"2022-01-04T18:14:33","slug":"la-politica-del-espiritu-espiritualidad-etica-y-politica","status":"publish","type":"product","link":"https:\/\/genesiscolper.com\/en\/product\/la-politica-del-espiritu-espiritualidad-etica-y-politica\/","title":{"rendered":"La Pol\u00edtica del Esp\u00edritu: Espiritualidad, \u00e9tica y pol\u00edtica"},"content":{"rendered":"<p>El autor asume en las p\u00e1ginas de este libro que el evangelio es una verdad p\u00fablica y que, por tanto, es un mensaje que no queda circunscrito en los templos, ni se trata de un discurso religioso destinado a seres incorp\u00f3reos, sino un mensaje que confronta todos los factores que oprimen y cosifican a los seres humanos, y que produce una nueva humanidad en la cual desaparecen los prejuicios sociales y los mecanismos de discriminaci\u00f3n que separan a los seres humanos.<\/p>\n<p>Se trata, pues, de un an\u00e1lisis bastante completo, a partir del Evangelio de Lucas y otros textos b\u00edblicos complementarios, para afirmar con claridad que Dios est\u00e1 del lado de los pobres, los marginados, las viudas, los hu\u00e9rfanos, los desechados de la sociedad, los despojados de sus derechos m\u00e1s b\u00e1sicos, los explotados y humillados por los poderes dominantes y hegem\u00f3nicos. As\u00ed, nadie que lea esta obra quedar\u00e1 inmune a la voz del Esp\u00edritu, que cortar\u00e1 nuestras conciencias como espada de doble filo dado que Jesucristo nos llama a encarnar una espiritualidad integral que no separa lo espiritual de lo secular, la fe de las obras, sino que afirma el compromiso social y pol\u00edtico como aspectos esenciales de la misi\u00f3n cristiana.<\/p>\n<p>El libro alude a los cambios que se observan en el mundo evang\u00e9lico en general y en el pentecostal en particular. Uno de estos cambios tiene que ver con la toma de conciencia acerca del papel de los cristianos en relaci\u00f3n a la realidad social, econ\u00f3mica, pol\u00edtica y espiritual en la que tenemos el llamado a vivir la fe y dar testimonio de Jesucristo.<\/p>","protected":false},"excerpt":{"rendered":"<p>El autor asume en las p\u00e1ginas de este libro que el evangelio es una verdad p\u00fablica y que, por tanto, es un mensaje que no queda circunscrito en los templos, ni se trata de un discurso religioso destinado a seres incorp\u00f3reos, sino un mensaje que confronta todos los factores que oprimen y cosifican a los [&hellip;]<\/p>\n","protected":false},"featured_media":223,"comment_status":"open","ping_status":"closed","template":"","meta":{"site-sidebar-layout":"default","site-content-layout":"default","ast-site-content-layout":"default","site-content-style":"default","site-sidebar-style":"default","ast-global-header-display":"","ast-banner-title-visibility":"","ast-main-header-display":"","ast-hfb-above-header-display":"","ast-hfb-below-header-display":"","ast-hfb-mobile-header-display":"","site-post-title":"","ast-breadcrumbs-content":"","ast-featured-img":"","footer-sml-layout":"","ast-disable-related-posts":"","theme-transparent-header-meta":"","adv-header-id-meta":"","stick-header-meta":"","header-above-stick-meta":"","header-main-stick-meta":"","header-below-stick-meta":"","astra-migrate-meta-layouts":"default","ast-page-background-enabled":"default","ast-page-background-meta":{"desktop":{"background-color":"var(--ast-global-color-4)","background-image":"","background-repeat":"repeat","background-position":"center center","background-size":"auto","background-attachment":"scroll","background-type":"","background-media":"","overlay-type":"","overlay-color":"","overlay-opacity":"","overlay-gradient":""},"tablet":{"background-color":"","background-image":"","background-repeat":"repeat","background-position":"center center","background-size":"auto","background-attachment":"scroll","background-type":"","background-media":"","overlay-type":"","overlay-color":"","overlay-opacity":"","overlay-gradient":""},"mobile":{"background-color":"","background-image":"","background-repeat":"repeat","background-position":"center center","background-size":"auto","background-attachment":"scroll","background-type":"","background-media":"","overlay-type":"","overlay-color":"","overlay-opacity":"","overlay-gradient":""}},"ast-content-background-meta":{"desktop":{"background-color":"var(--ast-global-color-5)","background-image":"","background-repeat":"repeat","background-position":"center center","background-size":"auto","background-attachment":"scroll","background-type":"","background-media":"","overlay-type":"","overlay-color":"","overlay-opacity":"","overlay-gradient":""},"tablet":{"background-color":"var(--ast-global-color-5)","background-image":"","background-repeat":"repeat","background-position":"center center","background-size":"auto","background-attachment":"scroll","background-type":"","background-media":"","overlay-type":"","overlay-color":"","overlay-opacity":"","overlay-gradient":""},"mobile":{"background-color":"var(--ast-global-color-5)","background-image":"","background-repeat":"repeat","background-position":"center center","background-size":"auto","background-attachment":"scroll","background-type":"","background-media":"","overlay-type":"","overlay-color":"","overlay-opacity":"","overlay-gradient":""}}},"product_brand":[],"product_cat":[30],"product_tag":[],"class_list":{"0":"post-222","1":"product","2":"type-product","3":"status-publish","4":"has-post-thumbnail","6":"product_cat-e-puma","7":"desktop-align-left","8":"tablet-align-left","9":"mobile-align-left","11":"first","12":"instock","13":"shipping-taxable","14":"purchasable","15":"product-type-simple"},"_links":{"self":[{"href":"https:\/\/genesiscolper.com\/en\/wp-json\/wp\/v2\/product\/222","targetHints":{"allow":["GET"]}}],"collection":[{"href":"https:\/\/genesiscolper.com\/en\/wp-json\/wp\/v2\/product"}],"about":[{"href":"https:\/\/genesiscolper.com\/en\/wp-json\/wp\/v2\/types\/product"}],"replies":[{"embeddable":true,"href":"https:\/\/genesiscolper.com\/en\/wp-json\/wp\/v2\/comments?post=222"}],"wp:featuredmedia":[{"embeddable":true,"href":"https:\/\/genesiscolper.com\/en\/wp-json\/wp\/v2\/media\/223"}],"wp:attachment":[{"href":"https:\/\/genesiscolper.com\/en\/wp-json\/wp\/v2\/media?parent=222"}],"wp:term":[{"taxonomy":"product_brand","embeddable":true,"href":"https:\/\/genesiscolper.com\/en\/wp-json\/wp\/v2\/product_brand?post=222"},{"taxonomy":"product_cat","embeddable":true,"href":"https:\/\/genesiscolper.com\/en\/wp-json\/wp\/v2\/product_cat?post=222"},{"taxonomy":"product_tag","embeddable":true,"href":"https:\/\/genesiscolper.com\/en\/wp-json\/wp\/v2\/product_tag?post=222"}],"curies":[{"name":"wp","href":"https:\/\/api.w.org\/{rel}","templated":true}]}}