{"id":225,"date":"2022-01-04T15:15:41","date_gmt":"2022-01-04T18:15:41","guid":{"rendered":"https:\/\/genesiscolper.com\/?post_type=product&#038;p=225"},"modified":"2022-01-04T15:15:44","modified_gmt":"2022-01-04T18:15:44","slug":"como-leer-y-predicar-el-nuevo-testamento","status":"publish","type":"product","link":"https:\/\/genesiscolper.com\/en\/product\/como-leer-y-predicar-el-nuevo-testamento\/","title":{"rendered":"C\u00f3mo Leer Y Predicar El Nuevo Testamento"},"content":{"rendered":"<p>Hay muchos libros sobre predicaci\u00f3n, algunos un poco m\u00e1s t\u00e9cnicos y otros algo pr\u00e1cticos. En esta obra, Mark Meynell, combina ambos elementos que son necesarios para desarrollarse o superarse como predicador de la Palabra de Dios. El libro aborda el tema de la predicaci\u00f3n desde la perspectiva de los g\u00e9neros literarios que nos ofrece el Nuevo Testamento; es decir, los cuatro evangelios, Hechos de los ap\u00f3stoles, las par\u00e1bolas de Jes\u00fas, las ep\u00edstolas y el libro del Apocalipsis.<\/p>\n<p>Desarrolla los g\u00e9neros literarios explicando c\u00f3mo operaban en los oyentes y lectores originales y c\u00f3mo puede construirse el puente de transici\u00f3n con los oyentes y lectores contempor\u00e1neos. Ofrece ejercicios para conectar la Palabra de Dios con nuestros oyentes del d\u00eda de hoy, as\u00ed como tambi\u00e9n modelos de serm\u00f3n para que podamos ver c\u00f3mo se plasma la teor\u00eda en la pr\u00e1ctica. Es un libro imprescindible para quienes est\u00e1n comprometidos con la predicaci\u00f3n b\u00edblica.<\/p>","protected":false},"excerpt":{"rendered":"<p>Hay muchos libros sobre predicaci\u00f3n, algunos un poco m\u00e1s t\u00e9cnicos y otros algo pr\u00e1cticos. En esta obra, Mark Meynell, combina ambos elementos que son necesarios para desarrollarse o superarse como predicador de la Palabra de Dios. El libro aborda el tema de la predicaci\u00f3n desde la perspectiva de los g\u00e9neros literarios que nos ofrece el [&hellip;]<\/p>\n","protected":false},"featured_media":226,"comment_status":"open","ping_status":"closed","template":"","meta":{"site-sidebar-layout":"default","site-content-layout":"default","ast-site-content-layout":"default","site-content-style":"default","site-sidebar-style":"default","ast-global-header-display":"","ast-banner-title-visibility":"","ast-main-header-display":"","ast-hfb-above-header-display":"","ast-hfb-below-header-display":"","ast-hfb-mobile-header-display":"","site-post-title":"","ast-breadcrumbs-content":"","ast-featured-img":"","footer-sml-layout":"","ast-disable-related-posts":"","theme-transparent-header-meta":"","adv-header-id-meta":"","stick-header-meta":"","header-above-stick-meta":"","header-main-stick-meta":"","header-below-stick-meta":"","astra-migrate-meta-layouts":"default","ast-page-background-enabled":"default","ast-page-background-meta":{"desktop":{"background-color":"var(--ast-global-color-4)","background-image":"","background-repeat":"repeat","background-position":"center center","background-size":"auto","background-attachment":"scroll","background-type":"","background-media":"","overlay-type":"","overlay-color":"","overlay-opacity":"","overlay-gradient":""},"tablet":{"background-color":"","background-image":"","background-repeat":"repeat","background-position":"center center","background-size":"auto","background-attachment":"scroll","background-type":"","background-media":"","overlay-type":"","overlay-color":"","overlay-opacity":"","overlay-gradient":""},"mobile":{"background-color":"","background-image":"","background-repeat":"repeat","background-position":"center center","background-size":"auto","background-attachment":"scroll","background-type":"","background-media":"","overlay-type":"","overlay-color":"","overlay-opacity":"","overlay-gradient":""}},"ast-content-background-meta":{"desktop":{"background-color":"var(--ast-global-color-5)","background-image":"","background-repeat":"repeat","background-position":"center center","background-size":"auto","background-attachment":"scroll","background-type":"","background-media":"","overlay-type":"","overlay-color":"","overlay-opacity":"","overlay-gradient":""},"tablet":{"background-color":"var(--ast-global-color-5)","background-image":"","background-repeat":"repeat","background-position":"center center","background-size":"auto","background-attachment":"scroll","background-type":"","background-media":"","overlay-type":"","overlay-color":"","overlay-opacity":"","overlay-gradient":""},"mobile":{"background-color":"var(--ast-global-color-5)","background-image":"","background-repeat":"repeat","background-position":"center center","background-size":"auto","background-attachment":"scroll","background-type":"","background-media":"","overlay-type":"","overlay-color":"","overlay-opacity":"","overlay-gradient":""}}},"product_brand":[],"product_cat":[30],"product_tag":[],"class_list":{"0":"post-225","1":"product","2":"type-product","3":"status-publish","4":"has-post-thumbnail","6":"product_cat-e-puma","7":"desktop-align-left","8":"tablet-align-left","9":"mobile-align-left","11":"first","12":"instock","13":"shipping-taxable","14":"purchasable","15":"product-type-simple"},"_links":{"self":[{"href":"https:\/\/genesiscolper.com\/en\/wp-json\/wp\/v2\/product\/225","targetHints":{"allow":["GET"]}}],"collection":[{"href":"https:\/\/genesiscolper.com\/en\/wp-json\/wp\/v2\/product"}],"about":[{"href":"https:\/\/genesiscolper.com\/en\/wp-json\/wp\/v2\/types\/product"}],"replies":[{"embeddable":true,"href":"https:\/\/genesiscolper.com\/en\/wp-json\/wp\/v2\/comments?post=225"}],"wp:featuredmedia":[{"embeddable":true,"href":"https:\/\/genesiscolper.com\/en\/wp-json\/wp\/v2\/media\/226"}],"wp:attachment":[{"href":"https:\/\/genesiscolper.com\/en\/wp-json\/wp\/v2\/media?parent=225"}],"wp:term":[{"taxonomy":"product_brand","embeddable":true,"href":"https:\/\/genesiscolper.com\/en\/wp-json\/wp\/v2\/product_brand?post=225"},{"taxonomy":"product_cat","embeddable":true,"href":"https:\/\/genesiscolper.com\/en\/wp-json\/wp\/v2\/product_cat?post=225"},{"taxonomy":"product_tag","embeddable":true,"href":"https:\/\/genesiscolper.com\/en\/wp-json\/wp\/v2\/product_tag?post=225"}],"curies":[{"name":"wp","href":"https:\/\/api.w.org\/{rel}","templated":true}]}}