{"id":227,"date":"2022-01-04T15:17:23","date_gmt":"2022-01-04T18:17:23","guid":{"rendered":"https:\/\/genesiscolper.com\/?post_type=product&#038;p=227"},"modified":"2026-02-23T22:42:32","modified_gmt":"2026-02-24T02:42:32","slug":"como-ensenar-a-predicar","status":"publish","type":"product","link":"https:\/\/genesiscolper.com\/en\/product\/como-ensenar-a-predicar\/","title":{"rendered":"C\u00f3mo Ense\u00f1ar a Predicar"},"content":{"rendered":"<p>No se necesita de un esfuerzo especial para darse cuenta de que la predicaci\u00f3n contempor\u00e1nea enfrenta el peligro de la superficialidad. Este peligro se traduce en la vida de las iglesias en pensar que se puede crecer num\u00e9ricamente sin necesidad de una predicaci\u00f3n fiel al texto b\u00edblico y relevante a su contexto social. Este modo de pensar olvida, pues, que la salud de una comunidad de fe depende de una predicaci\u00f3n b\u00edblica y contextual y enfocada a responder a las reales necesidades de las personas. Este manual, precisamente, trata sobre c\u00f3mo ense\u00f1ar a predicar. Est\u00e1 dirigido principalmente a personas comprometidas con el proceso de formaci\u00f3n de expositores b\u00edblicos. Es un esfuerzo pedag\u00f3gico por reflexionar y sistematizar la experiencia de capacitaci\u00f3n de predicadores en Am\u00e9rica Latina, motivada por el sue\u00f1o de ver en Am\u00e9rica Latina un movimiento comprometido con la predicaci\u00f3n b\u00edblica y contextual.<\/p>","protected":false},"excerpt":{"rendered":"<p>No se necesita de un esfuerzo especial para darse cuenta de que la predicaci\u00f3n contempor\u00e1nea enfrenta el peligro de la superficialidad. Este peligro se traduce en la vida de las iglesias en pensar que se puede crecer num\u00e9ricamente sin necesidad de una predicaci\u00f3n fiel al texto b\u00edblico y relevante a su contexto social. Este modo [&hellip;]<\/p>\n","protected":false},"featured_media":228,"comment_status":"open","ping_status":"closed","template":"","meta":{"site-sidebar-layout":"default","site-content-layout":"default","ast-site-content-layout":"default","site-content-style":"default","site-sidebar-style":"default","ast-global-header-display":"","ast-banner-title-visibility":"","ast-main-header-display":"","ast-hfb-above-header-display":"","ast-hfb-below-header-display":"","ast-hfb-mobile-header-display":"","site-post-title":"","ast-breadcrumbs-content":"","ast-featured-img":"","footer-sml-layout":"","ast-disable-related-posts":"","theme-transparent-header-meta":"","adv-header-id-meta":"","stick-header-meta":"","header-above-stick-meta":"","header-main-stick-meta":"","header-below-stick-meta":"","astra-migrate-meta-layouts":"default","ast-page-background-enabled":"default","ast-page-background-meta":{"desktop":{"background-color":"var(--ast-global-color-4)","background-image":"","background-repeat":"repeat","background-position":"center center","background-size":"auto","background-attachment":"scroll","background-type":"","background-media":"","overlay-type":"","overlay-color":"","overlay-opacity":"","overlay-gradient":""},"tablet":{"background-color":"","background-image":"","background-repeat":"repeat","background-position":"center center","background-size":"auto","background-attachment":"scroll","background-type":"","background-media":"","overlay-type":"","overlay-color":"","overlay-opacity":"","overlay-gradient":""},"mobile":{"background-color":"","background-image":"","background-repeat":"repeat","background-position":"center center","background-size":"auto","background-attachment":"scroll","background-type":"","background-media":"","overlay-type":"","overlay-color":"","overlay-opacity":"","overlay-gradient":""}},"ast-content-background-meta":{"desktop":{"background-color":"var(--ast-global-color-5)","background-image":"","background-repeat":"repeat","background-position":"center center","background-size":"auto","background-attachment":"scroll","background-type":"","background-media":"","overlay-type":"","overlay-color":"","overlay-opacity":"","overlay-gradient":""},"tablet":{"background-color":"var(--ast-global-color-5)","background-image":"","background-repeat":"repeat","background-position":"center center","background-size":"auto","background-attachment":"scroll","background-type":"","background-media":"","overlay-type":"","overlay-color":"","overlay-opacity":"","overlay-gradient":""},"mobile":{"background-color":"var(--ast-global-color-5)","background-image":"","background-repeat":"repeat","background-position":"center center","background-size":"auto","background-attachment":"scroll","background-type":"","background-media":"","overlay-type":"","overlay-color":"","overlay-opacity":"","overlay-gradient":""}}},"product_brand":[],"product_cat":[30],"product_tag":[],"class_list":{"0":"post-227","1":"product","2":"type-product","3":"status-publish","4":"has-post-thumbnail","6":"product_cat-e-puma","7":"desktop-align-left","8":"tablet-align-left","9":"mobile-align-left","11":"first","12":"instock","13":"shipping-taxable","14":"purchasable","15":"product-type-simple"},"_links":{"self":[{"href":"https:\/\/genesiscolper.com\/en\/wp-json\/wp\/v2\/product\/227","targetHints":{"allow":["GET"]}}],"collection":[{"href":"https:\/\/genesiscolper.com\/en\/wp-json\/wp\/v2\/product"}],"about":[{"href":"https:\/\/genesiscolper.com\/en\/wp-json\/wp\/v2\/types\/product"}],"replies":[{"embeddable":true,"href":"https:\/\/genesiscolper.com\/en\/wp-json\/wp\/v2\/comments?post=227"}],"wp:featuredmedia":[{"embeddable":true,"href":"https:\/\/genesiscolper.com\/en\/wp-json\/wp\/v2\/media\/228"}],"wp:attachment":[{"href":"https:\/\/genesiscolper.com\/en\/wp-json\/wp\/v2\/media?parent=227"}],"wp:term":[{"taxonomy":"product_brand","embeddable":true,"href":"https:\/\/genesiscolper.com\/en\/wp-json\/wp\/v2\/product_brand?post=227"},{"taxonomy":"product_cat","embeddable":true,"href":"https:\/\/genesiscolper.com\/en\/wp-json\/wp\/v2\/product_cat?post=227"},{"taxonomy":"product_tag","embeddable":true,"href":"https:\/\/genesiscolper.com\/en\/wp-json\/wp\/v2\/product_tag?post=227"}],"curies":[{"name":"wp","href":"https:\/\/api.w.org\/{rel}","templated":true}]}}