{"id":230,"date":"2022-01-04T15:18:38","date_gmt":"2022-01-04T18:18:38","guid":{"rendered":"https:\/\/genesiscolper.com\/?post_type=product&#038;p=230"},"modified":"2022-01-04T15:18:43","modified_gmt":"2022-01-04T18:18:43","slug":"la-predicacion-biblica-transformadora","status":"publish","type":"product","link":"https:\/\/genesiscolper.com\/en\/product\/la-predicacion-biblica-transformadora\/","title":{"rendered":"La Predicaci\u00f3n B\u00edblica Transformadora"},"content":{"rendered":"<p>El autor aborda en este libro los fundamentos de la predicaci\u00f3n, nos ofrece una introducci\u00f3n a la tarea de predicar b\u00edblicamente y nos ilustra el poder transformador de la Palabra de Dios enfocando nuestra atenci\u00f3n en el coraz\u00f3n, la tarea y el prop\u00f3sito de la predicaci\u00f3n. El libro contiene, pues, excelentes recursos para estudios b\u00edblicos, preparaci\u00f3n de sermones y para grupos de formaci\u00f3n de predicadores. Muy \u00fatil tanto para pastores y l\u00edderes de las iglesias como para los miembros de ellas, quienes comparten la convicci\u00f3n de la centralidad de la exposici\u00f3n b\u00edblica dado que la vida espiritual y su permanente renovaci\u00f3n, solo puede llevarse a cabo a partir de la proclamaci\u00f3n de la Palabra de Dios, empoderada por el Esp\u00edritu Santo.<\/p>","protected":false},"excerpt":{"rendered":"<p>El autor aborda en este libro los fundamentos de la predicaci\u00f3n, nos ofrece una introducci\u00f3n a la tarea de predicar b\u00edblicamente y nos ilustra el poder transformador de la Palabra de Dios enfocando nuestra atenci\u00f3n en el coraz\u00f3n, la tarea y el prop\u00f3sito de la predicaci\u00f3n. El libro contiene, pues, excelentes recursos para estudios b\u00edblicos, [&hellip;]<\/p>\n","protected":false},"featured_media":231,"comment_status":"open","ping_status":"closed","template":"","meta":{"site-sidebar-layout":"default","site-content-layout":"default","ast-site-content-layout":"default","site-content-style":"default","site-sidebar-style":"default","ast-global-header-display":"","ast-banner-title-visibility":"","ast-main-header-display":"","ast-hfb-above-header-display":"","ast-hfb-below-header-display":"","ast-hfb-mobile-header-display":"","site-post-title":"","ast-breadcrumbs-content":"","ast-featured-img":"","footer-sml-layout":"","ast-disable-related-posts":"","theme-transparent-header-meta":"","adv-header-id-meta":"","stick-header-meta":"","header-above-stick-meta":"","header-main-stick-meta":"","header-below-stick-meta":"","astra-migrate-meta-layouts":"default","ast-page-background-enabled":"default","ast-page-background-meta":{"desktop":{"background-color":"var(--ast-global-color-4)","background-image":"","background-repeat":"repeat","background-position":"center center","background-size":"auto","background-attachment":"scroll","background-type":"","background-media":"","overlay-type":"","overlay-color":"","overlay-opacity":"","overlay-gradient":""},"tablet":{"background-color":"","background-image":"","background-repeat":"repeat","background-position":"center center","background-size":"auto","background-attachment":"scroll","background-type":"","background-media":"","overlay-type":"","overlay-color":"","overlay-opacity":"","overlay-gradient":""},"mobile":{"background-color":"","background-image":"","background-repeat":"repeat","background-position":"center center","background-size":"auto","background-attachment":"scroll","background-type":"","background-media":"","overlay-type":"","overlay-color":"","overlay-opacity":"","overlay-gradient":""}},"ast-content-background-meta":{"desktop":{"background-color":"var(--ast-global-color-5)","background-image":"","background-repeat":"repeat","background-position":"center center","background-size":"auto","background-attachment":"scroll","background-type":"","background-media":"","overlay-type":"","overlay-color":"","overlay-opacity":"","overlay-gradient":""},"tablet":{"background-color":"var(--ast-global-color-5)","background-image":"","background-repeat":"repeat","background-position":"center center","background-size":"auto","background-attachment":"scroll","background-type":"","background-media":"","overlay-type":"","overlay-color":"","overlay-opacity":"","overlay-gradient":""},"mobile":{"background-color":"var(--ast-global-color-5)","background-image":"","background-repeat":"repeat","background-position":"center center","background-size":"auto","background-attachment":"scroll","background-type":"","background-media":"","overlay-type":"","overlay-color":"","overlay-opacity":"","overlay-gradient":""}}},"product_brand":[],"product_cat":[30],"product_tag":[],"class_list":{"0":"post-230","1":"product","2":"type-product","3":"status-publish","4":"has-post-thumbnail","6":"product_cat-e-puma","7":"desktop-align-left","8":"tablet-align-left","9":"mobile-align-left","11":"first","12":"instock","13":"shipping-taxable","14":"purchasable","15":"product-type-simple"},"_links":{"self":[{"href":"https:\/\/genesiscolper.com\/en\/wp-json\/wp\/v2\/product\/230","targetHints":{"allow":["GET"]}}],"collection":[{"href":"https:\/\/genesiscolper.com\/en\/wp-json\/wp\/v2\/product"}],"about":[{"href":"https:\/\/genesiscolper.com\/en\/wp-json\/wp\/v2\/types\/product"}],"replies":[{"embeddable":true,"href":"https:\/\/genesiscolper.com\/en\/wp-json\/wp\/v2\/comments?post=230"}],"wp:featuredmedia":[{"embeddable":true,"href":"https:\/\/genesiscolper.com\/en\/wp-json\/wp\/v2\/media\/231"}],"wp:attachment":[{"href":"https:\/\/genesiscolper.com\/en\/wp-json\/wp\/v2\/media?parent=230"}],"wp:term":[{"taxonomy":"product_brand","embeddable":true,"href":"https:\/\/genesiscolper.com\/en\/wp-json\/wp\/v2\/product_brand?post=230"},{"taxonomy":"product_cat","embeddable":true,"href":"https:\/\/genesiscolper.com\/en\/wp-json\/wp\/v2\/product_cat?post=230"},{"taxonomy":"product_tag","embeddable":true,"href":"https:\/\/genesiscolper.com\/en\/wp-json\/wp\/v2\/product_tag?post=230"}],"curies":[{"name":"wp","href":"https:\/\/api.w.org\/{rel}","templated":true}]}}