{"id":334,"date":"2022-02-08T22:55:10","date_gmt":"2022-02-09T01:55:10","guid":{"rendered":"https:\/\/genesiscolper.com\/?post_type=product&#038;p=334"},"modified":"2026-02-23T22:42:17","modified_gmt":"2026-02-24T02:42:17","slug":"la-mision-de-dios-descubriendo-el-gran-mensaje-de-la-biblia","status":"publish","type":"product","link":"https:\/\/genesiscolper.com\/en\/product\/la-mision-de-dios-descubriendo-el-gran-mensaje-de-la-biblia\/","title":{"rendered":"La Misi\u00f3n de Dios: Descubriendo el Gran Mensaje de la Biblia"},"content":{"rendered":"<p>La mayor\u00eda de los cristianos estar\u00eda de acuerdo en que la Biblia provee una base para la misi\u00f3n. El autor est\u00e1 convencido de que, en realidad, hay una base misional para toda la Biblia su fuente y su enfoque nacen en la misi\u00f3n de Dios. Para entender la Biblia necesitamos una perspectiva de interpretaci\u00f3n acorde con este grandioso tema misional. Es preciso captar el panorama completo de la misi\u00f3n de Dios y la manera en que cada parte de las Escrituras encuentra lugar en la extraordinaria narrativa b\u00edblica. En esta obra integral y de lectura accesible, el autor comienza su an\u00e1lisis en el Antiguo Testamento con el prop\u00f3sito de comprender qui\u00e9n es Dios, con qu\u00e9 prop\u00f3sito llam\u00f3 a su pueblo, qu\u00e9 misi\u00f3n le dio, y qu\u00e9 lugar ocupan las naciones en la misi\u00f3n de Dios. Estos teman contin\u00faan en el Nuevo Testamento.<\/p>","protected":false},"excerpt":{"rendered":"<p>La mayor\u00eda de los cristianos estar\u00eda de acuerdo en que la Biblia provee una base para la misi\u00f3n. El autor est\u00e1 convencido de que, en realidad, hay una base misional para toda la Biblia su fuente y su enfoque nacen en la misi\u00f3n de Dios. Para entender la Biblia necesitamos una perspectiva de interpretaci\u00f3n acorde [&hellip;]<\/p>\n","protected":false},"featured_media":335,"comment_status":"open","ping_status":"closed","template":"","meta":{"site-sidebar-layout":"default","site-content-layout":"default","ast-site-content-layout":"default","site-content-style":"default","site-sidebar-style":"default","ast-global-header-display":"","ast-banner-title-visibility":"","ast-main-header-display":"","ast-hfb-above-header-display":"","ast-hfb-below-header-display":"","ast-hfb-mobile-header-display":"","site-post-title":"","ast-breadcrumbs-content":"","ast-featured-img":"","footer-sml-layout":"","ast-disable-related-posts":"","theme-transparent-header-meta":"","adv-header-id-meta":"","stick-header-meta":"","header-above-stick-meta":"","header-main-stick-meta":"","header-below-stick-meta":"","astra-migrate-meta-layouts":"default","ast-page-background-enabled":"default","ast-page-background-meta":{"desktop":{"background-color":"var(--ast-global-color-4)","background-image":"","background-repeat":"repeat","background-position":"center center","background-size":"auto","background-attachment":"scroll","background-type":"","background-media":"","overlay-type":"","overlay-color":"","overlay-opacity":"","overlay-gradient":""},"tablet":{"background-color":"","background-image":"","background-repeat":"repeat","background-position":"center center","background-size":"auto","background-attachment":"scroll","background-type":"","background-media":"","overlay-type":"","overlay-color":"","overlay-opacity":"","overlay-gradient":""},"mobile":{"background-color":"","background-image":"","background-repeat":"repeat","background-position":"center center","background-size":"auto","background-attachment":"scroll","background-type":"","background-media":"","overlay-type":"","overlay-color":"","overlay-opacity":"","overlay-gradient":""}},"ast-content-background-meta":{"desktop":{"background-color":"var(--ast-global-color-5)","background-image":"","background-repeat":"repeat","background-position":"center center","background-size":"auto","background-attachment":"scroll","background-type":"","background-media":"","overlay-type":"","overlay-color":"","overlay-opacity":"","overlay-gradient":""},"tablet":{"background-color":"var(--ast-global-color-5)","background-image":"","background-repeat":"repeat","background-position":"center center","background-size":"auto","background-attachment":"scroll","background-type":"","background-media":"","overlay-type":"","overlay-color":"","overlay-opacity":"","overlay-gradient":""},"mobile":{"background-color":"var(--ast-global-color-5)","background-image":"","background-repeat":"repeat","background-position":"center center","background-size":"auto","background-attachment":"scroll","background-type":"","background-media":"","overlay-type":"","overlay-color":"","overlay-opacity":"","overlay-gradient":""}}},"product_brand":[],"product_cat":[42],"product_tag":[],"class_list":{"0":"post-334","1":"product","2":"type-product","3":"status-publish","4":"has-post-thumbnail","6":"product_cat-ediciones-certeza-unida","7":"desktop-align-left","8":"tablet-align-left","9":"mobile-align-left","11":"first","12":"instock","13":"shipping-taxable","14":"purchasable","15":"product-type-simple"},"_links":{"self":[{"href":"https:\/\/genesiscolper.com\/en\/wp-json\/wp\/v2\/product\/334","targetHints":{"allow":["GET"]}}],"collection":[{"href":"https:\/\/genesiscolper.com\/en\/wp-json\/wp\/v2\/product"}],"about":[{"href":"https:\/\/genesiscolper.com\/en\/wp-json\/wp\/v2\/types\/product"}],"replies":[{"embeddable":true,"href":"https:\/\/genesiscolper.com\/en\/wp-json\/wp\/v2\/comments?post=334"}],"wp:featuredmedia":[{"embeddable":true,"href":"https:\/\/genesiscolper.com\/en\/wp-json\/wp\/v2\/media\/335"}],"wp:attachment":[{"href":"https:\/\/genesiscolper.com\/en\/wp-json\/wp\/v2\/media?parent=334"}],"wp:term":[{"taxonomy":"product_brand","embeddable":true,"href":"https:\/\/genesiscolper.com\/en\/wp-json\/wp\/v2\/product_brand?post=334"},{"taxonomy":"product_cat","embeddable":true,"href":"https:\/\/genesiscolper.com\/en\/wp-json\/wp\/v2\/product_cat?post=334"},{"taxonomy":"product_tag","embeddable":true,"href":"https:\/\/genesiscolper.com\/en\/wp-json\/wp\/v2\/product_tag?post=334"}],"curies":[{"name":"wp","href":"https:\/\/api.w.org\/{rel}","templated":true}]}}