{"id":339,"date":"2022-02-08T23:01:10","date_gmt":"2022-02-09T02:01:10","guid":{"rendered":"https:\/\/genesiscolper.com\/?post_type=product&#038;p=339"},"modified":"2026-02-23T22:43:25","modified_gmt":"2026-02-24T02:43:25","slug":"comentario-biblico-contemporaneo","status":"publish","type":"product","link":"https:\/\/genesiscolper.com\/en\/product\/comentario-biblico-contemporaneo\/","title":{"rendered":"Comentario B\u00edblico Contempor\u00e1neo"},"content":{"rendered":"<p>Tres convicciones teol\u00f3gicas b\u00e1sicas sustentan esta obra que es producto de la labor de personas de diversos ministerios y trasfondos culturales: Que Dios ser revel\u00f3 por medio de Jesucristo, la Palabra viva, y esa revelaci\u00f3n ha sido consignada en las Sagrada Escrituras para servir como la autoridad normativa en todo lo relativo a la fe y la conducta cristianas. Que el Esp\u00edritu Santo usa la Biblia a nivel persona y comunitario con el prop\u00f3sito de dar a conocer la voluntad de Dios para la vida humana en todos sus aspectos y par ala totalidad de la creaci\u00f3n. Que para que la Biblia cumpla su prop\u00f3sito es necesario leerla, estudiarla e interpretarla en esp\u00edritu de oraci\u00f3n, haciendo uso de los principios de ex\u00e9gesis y hermen\u00e9utica, incluyendo no s\u00f3lo la investigaci\u00f3n del contexto hist\u00f3rico de los escritos b\u00edblicos sino tambi\u00e9n del contexto hist\u00f3ricos\u00a0 donde hoy se realiza su interpretaci\u00f3n.<\/p>","protected":false},"excerpt":{"rendered":"<p>Tres convicciones teol\u00f3gicas b\u00e1sicas sustentan esta obra que es producto de la labor de personas de diversos ministerios y trasfondos culturales: Que Dios ser revel\u00f3 por medio de Jesucristo, la Palabra viva, y esa revelaci\u00f3n ha sido consignada en las Sagrada Escrituras para servir como la autoridad normativa en todo lo relativo a la fe [&hellip;]<\/p>\n","protected":false},"featured_media":340,"comment_status":"open","ping_status":"closed","template":"","meta":{"site-sidebar-layout":"default","site-content-layout":"default","ast-site-content-layout":"default","site-content-style":"default","site-sidebar-style":"default","ast-global-header-display":"","ast-banner-title-visibility":"","ast-main-header-display":"","ast-hfb-above-header-display":"","ast-hfb-below-header-display":"","ast-hfb-mobile-header-display":"","site-post-title":"","ast-breadcrumbs-content":"","ast-featured-img":"","footer-sml-layout":"","ast-disable-related-posts":"","theme-transparent-header-meta":"","adv-header-id-meta":"","stick-header-meta":"","header-above-stick-meta":"","header-main-stick-meta":"","header-below-stick-meta":"","astra-migrate-meta-layouts":"default","ast-page-background-enabled":"default","ast-page-background-meta":{"desktop":{"background-color":"var(--ast-global-color-4)","background-image":"","background-repeat":"repeat","background-position":"center center","background-size":"auto","background-attachment":"scroll","background-type":"","background-media":"","overlay-type":"","overlay-color":"","overlay-opacity":"","overlay-gradient":""},"tablet":{"background-color":"","background-image":"","background-repeat":"repeat","background-position":"center center","background-size":"auto","background-attachment":"scroll","background-type":"","background-media":"","overlay-type":"","overlay-color":"","overlay-opacity":"","overlay-gradient":""},"mobile":{"background-color":"","background-image":"","background-repeat":"repeat","background-position":"center center","background-size":"auto","background-attachment":"scroll","background-type":"","background-media":"","overlay-type":"","overlay-color":"","overlay-opacity":"","overlay-gradient":""}},"ast-content-background-meta":{"desktop":{"background-color":"var(--ast-global-color-5)","background-image":"","background-repeat":"repeat","background-position":"center center","background-size":"auto","background-attachment":"scroll","background-type":"","background-media":"","overlay-type":"","overlay-color":"","overlay-opacity":"","overlay-gradient":""},"tablet":{"background-color":"var(--ast-global-color-5)","background-image":"","background-repeat":"repeat","background-position":"center center","background-size":"auto","background-attachment":"scroll","background-type":"","background-media":"","overlay-type":"","overlay-color":"","overlay-opacity":"","overlay-gradient":""},"mobile":{"background-color":"var(--ast-global-color-5)","background-image":"","background-repeat":"repeat","background-position":"center center","background-size":"auto","background-attachment":"scroll","background-type":"","background-media":"","overlay-type":"","overlay-color":"","overlay-opacity":"","overlay-gradient":""}}},"product_brand":[],"product_cat":[42],"product_tag":[],"class_list":{"0":"post-339","1":"product","2":"type-product","3":"status-publish","4":"has-post-thumbnail","6":"product_cat-ediciones-certeza-unida","7":"desktop-align-left","8":"tablet-align-left","9":"mobile-align-left","11":"first","12":"instock","13":"shipping-taxable","14":"purchasable","15":"product-type-simple"},"_links":{"self":[{"href":"https:\/\/genesiscolper.com\/en\/wp-json\/wp\/v2\/product\/339","targetHints":{"allow":["GET"]}}],"collection":[{"href":"https:\/\/genesiscolper.com\/en\/wp-json\/wp\/v2\/product"}],"about":[{"href":"https:\/\/genesiscolper.com\/en\/wp-json\/wp\/v2\/types\/product"}],"replies":[{"embeddable":true,"href":"https:\/\/genesiscolper.com\/en\/wp-json\/wp\/v2\/comments?post=339"}],"wp:featuredmedia":[{"embeddable":true,"href":"https:\/\/genesiscolper.com\/en\/wp-json\/wp\/v2\/media\/340"}],"wp:attachment":[{"href":"https:\/\/genesiscolper.com\/en\/wp-json\/wp\/v2\/media?parent=339"}],"wp:term":[{"taxonomy":"product_brand","embeddable":true,"href":"https:\/\/genesiscolper.com\/en\/wp-json\/wp\/v2\/product_brand?post=339"},{"taxonomy":"product_cat","embeddable":true,"href":"https:\/\/genesiscolper.com\/en\/wp-json\/wp\/v2\/product_cat?post=339"},{"taxonomy":"product_tag","embeddable":true,"href":"https:\/\/genesiscolper.com\/en\/wp-json\/wp\/v2\/product_tag?post=339"}],"curies":[{"name":"wp","href":"https:\/\/api.w.org\/{rel}","templated":true}]}}